{"id":721,"date":"2017-09-06T14:47:06","date_gmt":"2017-09-06T14:47:06","guid":{"rendered":"http:\/\/wikihaus.com.br\/wikihauslab\/2017\/?page_id=721"},"modified":"2017-11-07T17:02:20","modified_gmt":"2017-11-07T19:02:20","slug":"colabore","status":"publish","type":"page","link":"https:\/\/wikihaus.com.br\/wikihauslab\/colabore\/","title":{"rendered":"COLABORE"},"content":{"rendered":"<div class=\"wpb-content-wrapper\"><p>[vc_row css=&#8221;.vc_custom_1504718702827{padding-top: 20px !important;padding-right: 10% !important;padding-bottom: 30px !important;padding-left: 10% !important;background-image: url(http:\/\/wikihaus.com.br\/wikihauslab\/2017\/wp-content\/uploads\/2017\/09\/bgs-02.jpg?id=724) !important;background-position: center !important;background-repeat: no-repeat !important;background-size: cover !important;}&#8221; el_id=&#8221;colabore&#8221; el_class=&#8221;pagina-colabore&#8221;][vc_column][vc_column_text el_class=&#8221;wikihaus-breadcrumbs&#8221;]<\/p>\n<pre><code><div class=\"breadcrumb\" itemprop=\"breadcrumb\"><span><span><a href=\"https:\/\/wikihaus.com.br\/wikihauslab\/\">WIKIHAUSLAB<\/a><\/span><\/span><\/div><\/code><\/pre>\n<p>[\/vc_column_text][vc_column_text]<\/p>\n<h3 style=\"text-align: center;\"><strong>TEM IDEIAS PARA TRANSFORMAR<\/strong> O MERCADO<br \/>\nIMOBILI\u00c1RIO E A CIDADE QUE VOC\u00ca VIVE?<\/h3>\n<h3 style=\"text-align: center;\"><strong>PARTICIPA DE ALGUM PROJETO<\/strong> OU INICIATIVA QUE<br \/>\nMELHORA O SETOR E A VIDA NAS CIDADES?<\/h3>\n<h3 style=\"text-align: center;\"><strong>QUER COLABORAR<\/strong> E FAZER PARTE DESTA MUDAN\u00c7A<br \/>\nQUE EST\u00c1 ACONTECENDO?<\/h3>\n<p>[\/vc_column_text][\/vc_column][\/vc_row][vc_row el_id=&#8221;contato&#8221; css=&#8221;.vc_custom_1504715071079{background-image: url(http:\/\/wikihaus.com.br\/wikihauslab\/2017\/wp-content\/uploads\/2017\/09\/bgs-01.jpg?id=723) !important;background-position: center !important;background-repeat: no-repeat !important;background-size: cover !important;}&#8221; el_class=&#8221;pagina-colabore&#8221;][vc_column css=&#8221;.vc_custom_1490633813580{margin-top: 50px !important;margin-bottom: 60px !important;}&#8221;][vc_row_inner content_width=&#8221;grid&#8221;][vc_column_inner width=&#8221;1\/2&#8243;][vc_column_text]<\/p>\n<p class=\"linha1\">Acreditamos que o conhecimento<br \/>\npode ser constru\u00eddo de forma<br \/>\ncoletiva e gostar\u00edamos de contar com<br \/>\na sua participa\u00e7\u00e3o neste movimento.<\/p>\n<p class=\"linha2\">Preencha o formul\u00e1rio com<br \/>\nos seus dados e conte-nos um<br \/>\npouco sobre o conte\u00fado que<br \/>\nvoc\u00ea gostaria de compartilhar.<\/p>\n<p>[\/vc_column_text][\/vc_column_inner][vc_column_inner width=&#8221;1\/2&#8243;]<div role=\"form\" class=\"wpcf7\" id=\"wpcf7-f727-o1\" lang=\"pt-BR\" dir=\"ltr\">\n<div class=\"screen-reader-response\" role=\"alert\" aria-live=\"polite\"><\/div>\n<form action=\"\/wikihauslab\/wp-json\/wp\/v2\/pages\/721#wpcf7-f727-o1\" method=\"post\" class=\"wpcf7-form init\" novalidate=\"novalidate\">\n<div style=\"display: none;\">\n<input type=\"hidden\" name=\"_wpcf7\" value=\"727\" \/>\n<input type=\"hidden\" name=\"_wpcf7_version\" value=\"5.2.1\" \/>\n<input type=\"hidden\" name=\"_wpcf7_locale\" value=\"pt_BR\" \/>\n<input type=\"hidden\" name=\"_wpcf7_unit_tag\" value=\"wpcf7-f727-o1\" \/>\n<input type=\"hidden\" name=\"_wpcf7_container_post\" value=\"0\" \/>\n<input type=\"hidden\" name=\"_wpcf7_posted_data_hash\" value=\"\" \/>\n<\/div>\n<p><span class=\"wpcf7-form-control-wrap your-name\"><input type=\"text\" name=\"your-name\" value=\"\" size=\"40\" class=\"wpcf7-form-control wpcf7-text wpcf7-validates-as-required\" aria-required=\"true\" aria-invalid=\"false\" placeholder=\"Deixe seu nome *\" \/><\/span><br \/>\n<span class=\"wpcf7-form-control-wrap your-email\"><input type=\"email\" name=\"your-email\" value=\"\" size=\"40\" class=\"wpcf7-form-control wpcf7-text wpcf7-email wpcf7-validates-as-required wpcf7-validates-as-email\" aria-required=\"true\" aria-invalid=\"false\" placeholder=\"E-mail*\" \/><\/span><br \/>\n<span class=\"wpcf7-form-control-wrap telefone\"><input type=\"tel\" name=\"telefone\" value=\"\" size=\"40\" class=\"wpcf7-form-control wpcf7-text wpcf7-tel wpcf7-validates-as-tel\" aria-invalid=\"false\" placeholder=\"Telefone\" \/><\/span><br \/>\n<span class=\"wpcf7-form-control-wrap your-message\"><textarea name=\"your-message\" cols=\"40\" rows=\"10\" class=\"wpcf7-form-control wpcf7-textarea\" aria-invalid=\"false\" placeholder=\"Que projeto voc\u00ea gostaria de compartilhar?\"><\/textarea><\/span><br \/>\n<input type=\"submit\" value=\"Enviar\" class=\"wpcf7-form-control wpcf7-submit\" \/><span class=\"obs\">*Preenchimento obrigat\u00f3rio.<\/span> <span class=\"wpcf7-form-control-wrap your-subject\"><input type=\"text\" name=\"your-subject\" value=\"Pagina Colabore - Wikihauslab\" size=\"40\" class=\"wpcf7-form-control wpcf7-text hidden\" aria-invalid=\"false\" \/><\/span><\/p>\n<div class=\"wpcf7-response-output\" role=\"alert\" aria-hidden=\"true\"><\/div><\/form><\/div>[\/vc_column_inner][\/vc_row_inner][\/vc_column][\/vc_row]<\/p>\n<\/div>","protected":false},"excerpt":{"rendered":"<p>[vc_row css=&#8221;.vc_custom_1504718702827{padding-top: 20px !important;padding-right: 10% !important;padding-bottom: 30px !important;padding-left: 10% !important;background-image: url(http:\/\/wikihaus.com.br\/wikihauslab\/2017\/wp-content\/uploads\/2017\/09\/bgs-02.jpg?id=724) !important;background-position: center !important;background-repeat: no-repeat !important;background-size: cover !important;}&#8221; el_id=&#8221;colabore&#8221; el_class=&#8221;pagina-colabore&#8221;][vc_column][vc_column_text el_class=&#8221;wikihaus-breadcrumbs&#8221;] [\/vc_column_text][vc_column_text] TEM IDEIAS PARA TRANSFORMAR O MERCADO IMOBILI\u00c1RIO E A CIDADE QUE VOC\u00ca VIVE? PARTICIPA DE ALGUM PROJETO OU INICIATIVA QUE MELHORA O SETOR [&hellip;]<\/p>\n","protected":false},"author":2,"featured_media":0,"parent":0,"menu_order":0,"comment_status":"closed","ping_status":"closed","template":"","meta":{"footnotes":""},"class_list":["post-721","page","type-page","status-publish","hentry"],"yoast_head":"<!-- This site is optimized with the Yoast SEO plugin v23.9 - https:\/\/yoast.com\/wordpress\/plugins\/seo\/ -->\n<title>COLABORE - Wikihauslab<\/title>\n<meta name=\"description\" content=\"Acreditamos que o conhecimento pode ser constru\u00eddo de forma coletiva e gostar\u00edamos de contar com a sua participa\u00e7\u00e3o. Colabore, entre em contato!\" \/>\n<meta name=\"robots\" content=\"index, follow, max-snippet:-1, max-image-preview:large, max-video-preview:-1\" \/>\n<link rel=\"canonical\" href=\"https:\/\/wikihaus.com.br\/wikihauslab\/colabore\/\" \/>\n<meta property=\"og:locale\" content=\"pt_BR\" \/>\n<meta property=\"og:type\" content=\"article\" \/>\n<meta property=\"og:title\" content=\"COLABORE - Wikihauslab\" \/>\n<meta property=\"og:description\" content=\"Acreditamos que o conhecimento pode ser constru\u00eddo de forma coletiva e gostar\u00edamos de contar com a sua participa\u00e7\u00e3o. Colabore, entre em contato!\" \/>\n<meta property=\"og:url\" content=\"https:\/\/wikihaus.com.br\/wikihauslab\/colabore\/\" \/>\n<meta property=\"og:site_name\" content=\"Wikihauslab\" \/>\n<meta property=\"article:modified_time\" content=\"2017-11-07T19:02:20+00:00\" \/>\n<meta name=\"twitter:card\" content=\"summary_large_image\" \/>\n<meta name=\"twitter:label1\" content=\"Est. tempo de leitura\" \/>\n\t<meta name=\"twitter:data1\" content=\"1 minuto\" \/>\n<script type=\"application\/ld+json\" class=\"yoast-schema-graph\">{\"@context\":\"https:\/\/schema.org\",\"@graph\":[{\"@type\":\"WebPage\",\"@id\":\"https:\/\/wikihaus.com.br\/wikihauslab\/colabore\/\",\"url\":\"https:\/\/wikihaus.com.br\/wikihauslab\/colabore\/\",\"name\":\"COLABORE - Wikihauslab\",\"isPartOf\":{\"@id\":\"https:\/\/wikihaus.com.br\/wikihauslab\/#website\"},\"datePublished\":\"2017-09-06T14:47:06+00:00\",\"dateModified\":\"2017-11-07T19:02:20+00:00\",\"description\":\"Acreditamos que o conhecimento pode ser constru\u00eddo de forma coletiva e gostar\u00edamos de contar com a sua participa\u00e7\u00e3o. Colabore, entre em contato!\",\"breadcrumb\":{\"@id\":\"https:\/\/wikihaus.com.br\/wikihauslab\/colabore\/#breadcrumb\"},\"inLanguage\":\"pt-BR\",\"potentialAction\":[{\"@type\":\"ReadAction\",\"target\":[\"https:\/\/wikihaus.com.br\/wikihauslab\/colabore\/\"]}]},{\"@type\":\"BreadcrumbList\",\"@id\":\"https:\/\/wikihaus.com.br\/wikihauslab\/colabore\/#breadcrumb\",\"itemListElement\":[{\"@type\":\"ListItem\",\"position\":1,\"name\":\"WIKIHAUSLAB\",\"item\":\"https:\/\/wikihaus.com.br\/wikihauslab\/\"},{\"@type\":\"ListItem\",\"position\":2,\"name\":\"COLABORE\"}]},{\"@type\":\"WebSite\",\"@id\":\"https:\/\/wikihaus.com.br\/wikihauslab\/#website\",\"url\":\"https:\/\/wikihaus.com.br\/wikihauslab\/\",\"name\":\"Wikihauslab\",\"description\":\"Mercado Imobili\u00e1rio na sua m\u00e3o\",\"potentialAction\":[{\"@type\":\"SearchAction\",\"target\":{\"@type\":\"EntryPoint\",\"urlTemplate\":\"https:\/\/wikihaus.com.br\/wikihauslab\/?s={search_term_string}\"},\"query-input\":{\"@type\":\"PropertyValueSpecification\",\"valueRequired\":true,\"valueName\":\"search_term_string\"}}],\"inLanguage\":\"pt-BR\"}]}<\/script>\n<!-- \/ Yoast SEO plugin. -->","yoast_head_json":{"title":"COLABORE - Wikihauslab","description":"Acreditamos que o conhecimento pode ser constru\u00eddo de forma coletiva e gostar\u00edamos de contar com a sua participa\u00e7\u00e3o. Colabore, entre em contato!","robots":{"index":"index","follow":"follow","max-snippet":"max-snippet:-1","max-image-preview":"max-image-preview:large","max-video-preview":"max-video-preview:-1"},"canonical":"https:\/\/wikihaus.com.br\/wikihauslab\/colabore\/","og_locale":"pt_BR","og_type":"article","og_title":"COLABORE - Wikihauslab","og_description":"Acreditamos que o conhecimento pode ser constru\u00eddo de forma coletiva e gostar\u00edamos de contar com a sua participa\u00e7\u00e3o. Colabore, entre em contato!","og_url":"https:\/\/wikihaus.com.br\/wikihauslab\/colabore\/","og_site_name":"Wikihauslab","article_modified_time":"2017-11-07T19:02:20+00:00","twitter_card":"summary_large_image","twitter_misc":{"Est. tempo de leitura":"1 minuto"},"schema":{"@context":"https:\/\/schema.org","@graph":[{"@type":"WebPage","@id":"https:\/\/wikihaus.com.br\/wikihauslab\/colabore\/","url":"https:\/\/wikihaus.com.br\/wikihauslab\/colabore\/","name":"COLABORE - Wikihauslab","isPartOf":{"@id":"https:\/\/wikihaus.com.br\/wikihauslab\/#website"},"datePublished":"2017-09-06T14:47:06+00:00","dateModified":"2017-11-07T19:02:20+00:00","description":"Acreditamos que o conhecimento pode ser constru\u00eddo de forma coletiva e gostar\u00edamos de contar com a sua participa\u00e7\u00e3o. Colabore, entre em contato!","breadcrumb":{"@id":"https:\/\/wikihaus.com.br\/wikihauslab\/colabore\/#breadcrumb"},"inLanguage":"pt-BR","potentialAction":[{"@type":"ReadAction","target":["https:\/\/wikihaus.com.br\/wikihauslab\/colabore\/"]}]},{"@type":"BreadcrumbList","@id":"https:\/\/wikihaus.com.br\/wikihauslab\/colabore\/#breadcrumb","itemListElement":[{"@type":"ListItem","position":1,"name":"WIKIHAUSLAB","item":"https:\/\/wikihaus.com.br\/wikihauslab\/"},{"@type":"ListItem","position":2,"name":"COLABORE"}]},{"@type":"WebSite","@id":"https:\/\/wikihaus.com.br\/wikihauslab\/#website","url":"https:\/\/wikihaus.com.br\/wikihauslab\/","name":"Wikihauslab","description":"Mercado Imobili\u00e1rio na sua m\u00e3o","potentialAction":[{"@type":"SearchAction","target":{"@type":"EntryPoint","urlTemplate":"https:\/\/wikihaus.com.br\/wikihauslab\/?s={search_term_string}"},"query-input":{"@type":"PropertyValueSpecification","valueRequired":true,"valueName":"search_term_string"}}],"inLanguage":"pt-BR"}]}},"_links":{"self":[{"href":"https:\/\/wikihaus.com.br\/wikihauslab\/wp-json\/wp\/v2\/pages\/721","targetHints":{"allow":["GET"]}}],"collection":[{"href":"https:\/\/wikihaus.com.br\/wikihauslab\/wp-json\/wp\/v2\/pages"}],"about":[{"href":"https:\/\/wikihaus.com.br\/wikihauslab\/wp-json\/wp\/v2\/types\/page"}],"author":[{"embeddable":true,"href":"https:\/\/wikihaus.com.br\/wikihauslab\/wp-json\/wp\/v2\/users\/2"}],"replies":[{"embeddable":true,"href":"https:\/\/wikihaus.com.br\/wikihauslab\/wp-json\/wp\/v2\/comments?post=721"}],"version-history":[{"count":12,"href":"https:\/\/wikihaus.com.br\/wikihauslab\/wp-json\/wp\/v2\/pages\/721\/revisions"}],"predecessor-version":[{"id":983,"href":"https:\/\/wikihaus.com.br\/wikihauslab\/wp-json\/wp\/v2\/pages\/721\/revisions\/983"}],"wp:attachment":[{"href":"https:\/\/wikihaus.com.br\/wikihauslab\/wp-json\/wp\/v2\/media?parent=721"}],"curies":[{"name":"wp","href":"https:\/\/api.w.org\/{rel}","templated":true}]}}