{"id":245,"date":"2017-03-27T18:38:20","date_gmt":"2017-03-27T18:38:20","guid":{"rendered":"http:\/\/wikihaus.com.br\/wikihauslab\/2017\/?page_id=245"},"modified":"2017-11-07T17:05:26","modified_gmt":"2017-11-07T19:05:26","slug":"fale-conosco","status":"publish","type":"page","link":"https:\/\/wikihaus.com.br\/wikihauslab\/fale-conosco\/","title":{"rendered":"FALE CONOSCO"},"content":{"rendered":"<div class=\"wpb-content-wrapper\"><p>[vc_row el_id=&#8221;section1&#8243; css=&#8221;.vc_custom_1504732833853{padding-right: 30px !important;padding-left: 30px !important;}&#8221;][vc_column][vc_column_text el_class=&#8221;wikihaus-breadcrumbs&#8221; css=&#8221;.vc_custom_1490641895715{margin-top: 10px !important;}&#8221;]<\/p>\n<pre><code><div class=\"breadcrumb\" itemprop=\"breadcrumb\"><span><span><a href=\"https:\/\/wikihaus.com.br\/wikihauslab\/\">WIKIHAUSLAB<\/a><\/span><\/span><\/div><\/code><\/pre>\n<p>[\/vc_column_text][vc_column_text el_class=&#8221;section1-text-content&#8221;]<\/p>\n<h1 style=\"text-align: center;\">Quer aprender<\/h1>\n<h4 style=\"text-align: center;\">MAIS SOBRE O SETOR IMOBILI\u00c1RIO?<\/h4>\n<h4 style=\"text-align: center;\">AQUI SUAS SUGEST\u00d5ES DE CONTE\u00daDO<\/h4>\n<h4 style=\"text-align: center;\">E SUAS IDEIAS S\u00c3O BEM-VINDAS.<\/h4>\n<p>[\/vc_column_text][vc_column_text css=&#8221;.vc_custom_1490641826724{margin-top: 40px !important;}&#8221;]<\/p>\n<p style=\"text-align: center;\"><div role=\"form\" class=\"wpcf7\" id=\"wpcf7-f248-o1\" lang=\"pt-BR\" dir=\"ltr\">\n<div class=\"screen-reader-response\" role=\"alert\" aria-live=\"polite\"><\/div>\n<form action=\"\/wikihauslab\/wp-json\/wp\/v2\/pages\/245#wpcf7-f248-o1\" method=\"post\" class=\"wpcf7-form init\" novalidate=\"novalidate\">\n<div style=\"display: none;\">\n<input type=\"hidden\" name=\"_wpcf7\" value=\"248\" \/>\n<input type=\"hidden\" name=\"_wpcf7_version\" value=\"5.2.1\" \/>\n<input type=\"hidden\" name=\"_wpcf7_locale\" value=\"pt_BR\" \/>\n<input type=\"hidden\" name=\"_wpcf7_unit_tag\" value=\"wpcf7-f248-o1\" \/>\n<input type=\"hidden\" name=\"_wpcf7_container_post\" value=\"0\" \/>\n<input type=\"hidden\" name=\"_wpcf7_posted_data_hash\" value=\"\" \/>\n<\/div>\n<p><span class=\"wpcf7-form-control-wrap your-name\"><input type=\"text\" name=\"your-name\" value=\"\" size=\"40\" class=\"wpcf7-form-control wpcf7-text wpcf7-validates-as-required\" aria-required=\"true\" aria-invalid=\"false\" placeholder=\"Deixe seu nome*\" \/><\/span><br \/>\n<span class=\"wpcf7-form-control-wrap your-email\"><input type=\"text\" name=\"your-email\" value=\"\" size=\"40\" class=\"wpcf7-form-control wpcf7-text wpcf7-validates-as-required\" aria-required=\"true\" aria-invalid=\"false\" placeholder=\"E-mail*\" \/><\/span><br \/>\n<span class=\"wpcf7-form-control-wrap your-phone\"><input type=\"tel\" name=\"your-phone\" value=\"\" size=\"40\" class=\"wpcf7-form-control wpcf7-text wpcf7-tel wpcf7-validates-as-tel\" aria-invalid=\"false\" placeholder=\"Telefone\" \/><\/span><br \/>\n<span class=\"wpcf7-form-control-wrap your-site\"><input type=\"text\" name=\"your-site\" value=\"\" size=\"40\" class=\"wpcf7-form-control wpcf7-text\" aria-invalid=\"false\" placeholder=\"Site pessoal, profissional ou da empresa\" \/><\/span><br \/>\n<span class=\"wpcf7-form-control-wrap your-message\"><textarea name=\"your-message\" cols=\"40\" rows=\"10\" class=\"wpcf7-form-control wpcf7-textarea\" aria-invalid=\"false\" placeholder=\"Mensagem\"><\/textarea><\/span><br \/>\n<input type=\"submit\" value=\"ENVIAR\" class=\"wpcf7-form-control wpcf7-submit\" \/><\/p>\n<div class=\"wpcf7-response-output\" role=\"alert\" aria-hidden=\"true\"><\/div><\/form><\/div>\n<p>[\/vc_column_text][vc_column_text el_class=&#8221;section1-text-warning&#8221; css=&#8221;.vc_custom_1490641835105{margin-bottom: 40px !important;}&#8221;]<\/p>\n<h5>*Preenchimento obrigat\u00f3rio.<\/h5>\n<p>[\/vc_column_text][\/vc_column][\/vc_row][vc_row][vc_column][\/vc_column][\/vc_row]<\/p>\n<\/div>","protected":false},"excerpt":{"rendered":"<p>[vc_row el_id=&#8221;section1&#8243; css=&#8221;.vc_custom_1504732833853{padding-right: 30px !important;padding-left: 30px !important;}&#8221;][vc_column][vc_column_text el_class=&#8221;wikihaus-breadcrumbs&#8221; css=&#8221;.vc_custom_1490641895715{margin-top: 10px !important;}&#8221;] [\/vc_column_text][vc_column_text el_class=&#8221;section1-text-content&#8221;] Quer aprender MAIS SOBRE O SETOR IMOBILI\u00c1RIO? AQUI SUAS SUGEST\u00d5ES DE CONTE\u00daDO E SUAS IDEIAS S\u00c3O BEM-VINDAS. [\/vc_column_text][vc_column_text css=&#8221;.vc_custom_1490641826724{margin-top: 40px !important;}&#8221;] [\/vc_column_text][vc_column_text el_class=&#8221;section1-text-warning&#8221; css=&#8221;.vc_custom_1490641835105{margin-bottom: 40px !important;}&#8221;] *Preenchimento obrigat\u00f3rio. [\/vc_column_text][\/vc_column][\/vc_row][vc_row][vc_column][\/vc_column][\/vc_row]<\/p>\n","protected":false},"author":2,"featured_media":0,"parent":0,"menu_order":0,"comment_status":"closed","ping_status":"closed","template":"","meta":{"footnotes":""},"class_list":["post-245","page","type-page","status-publish","hentry"],"yoast_head":"<!-- This site is optimized with the Yoast SEO plugin v23.9 - https:\/\/yoast.com\/wordpress\/plugins\/seo\/ -->\n<title>FALE CONOSCO - Wikihauslab<\/title>\n<meta name=\"description\" content=\"Quer aprender mais sobre o setor imobili\u00e1rio? Aqui suas sugest\u00f5es de conte\u00fado e suas ideias s\u00e3o bem-vindas. Fale conosco!\" \/>\n<meta name=\"robots\" content=\"index, follow, max-snippet:-1, max-image-preview:large, max-video-preview:-1\" \/>\n<link rel=\"canonical\" href=\"https:\/\/wikihaus.com.br\/wikihauslab\/fale-conosco\/\" \/>\n<meta property=\"og:locale\" content=\"pt_BR\" \/>\n<meta property=\"og:type\" content=\"article\" \/>\n<meta property=\"og:title\" content=\"FALE CONOSCO - Wikihauslab\" \/>\n<meta property=\"og:description\" content=\"Quer aprender mais sobre o setor imobili\u00e1rio? Aqui suas sugest\u00f5es de conte\u00fado e suas ideias s\u00e3o bem-vindas. Fale conosco!\" \/>\n<meta property=\"og:url\" content=\"https:\/\/wikihaus.com.br\/wikihauslab\/fale-conosco\/\" \/>\n<meta property=\"og:site_name\" content=\"Wikihauslab\" \/>\n<meta property=\"article:modified_time\" content=\"2017-11-07T19:05:26+00:00\" \/>\n<meta name=\"twitter:card\" content=\"summary_large_image\" \/>\n<meta name=\"twitter:label1\" content=\"Est. tempo de leitura\" \/>\n\t<meta name=\"twitter:data1\" content=\"1 minuto\" \/>\n<script type=\"application\/ld+json\" class=\"yoast-schema-graph\">{\"@context\":\"https:\/\/schema.org\",\"@graph\":[{\"@type\":\"WebPage\",\"@id\":\"https:\/\/wikihaus.com.br\/wikihauslab\/fale-conosco\/\",\"url\":\"https:\/\/wikihaus.com.br\/wikihauslab\/fale-conosco\/\",\"name\":\"FALE CONOSCO - Wikihauslab\",\"isPartOf\":{\"@id\":\"https:\/\/wikihaus.com.br\/wikihauslab\/#website\"},\"datePublished\":\"2017-03-27T18:38:20+00:00\",\"dateModified\":\"2017-11-07T19:05:26+00:00\",\"description\":\"Quer aprender mais sobre o setor imobili\u00e1rio? Aqui suas sugest\u00f5es de conte\u00fado e suas ideias s\u00e3o bem-vindas. Fale conosco!\",\"breadcrumb\":{\"@id\":\"https:\/\/wikihaus.com.br\/wikihauslab\/fale-conosco\/#breadcrumb\"},\"inLanguage\":\"pt-BR\",\"potentialAction\":[{\"@type\":\"ReadAction\",\"target\":[\"https:\/\/wikihaus.com.br\/wikihauslab\/fale-conosco\/\"]}]},{\"@type\":\"BreadcrumbList\",\"@id\":\"https:\/\/wikihaus.com.br\/wikihauslab\/fale-conosco\/#breadcrumb\",\"itemListElement\":[{\"@type\":\"ListItem\",\"position\":1,\"name\":\"WIKIHAUSLAB\",\"item\":\"https:\/\/wikihaus.com.br\/wikihauslab\/\"},{\"@type\":\"ListItem\",\"position\":2,\"name\":\"FALE CONOSCO\"}]},{\"@type\":\"WebSite\",\"@id\":\"https:\/\/wikihaus.com.br\/wikihauslab\/#website\",\"url\":\"https:\/\/wikihaus.com.br\/wikihauslab\/\",\"name\":\"Wikihauslab\",\"description\":\"Mercado Imobili\u00e1rio na sua m\u00e3o\",\"potentialAction\":[{\"@type\":\"SearchAction\",\"target\":{\"@type\":\"EntryPoint\",\"urlTemplate\":\"https:\/\/wikihaus.com.br\/wikihauslab\/?s={search_term_string}\"},\"query-input\":{\"@type\":\"PropertyValueSpecification\",\"valueRequired\":true,\"valueName\":\"search_term_string\"}}],\"inLanguage\":\"pt-BR\"}]}<\/script>\n<!-- \/ Yoast SEO plugin. -->","yoast_head_json":{"title":"FALE CONOSCO - Wikihauslab","description":"Quer aprender mais sobre o setor imobili\u00e1rio? Aqui suas sugest\u00f5es de conte\u00fado e suas ideias s\u00e3o bem-vindas. Fale conosco!","robots":{"index":"index","follow":"follow","max-snippet":"max-snippet:-1","max-image-preview":"max-image-preview:large","max-video-preview":"max-video-preview:-1"},"canonical":"https:\/\/wikihaus.com.br\/wikihauslab\/fale-conosco\/","og_locale":"pt_BR","og_type":"article","og_title":"FALE CONOSCO - Wikihauslab","og_description":"Quer aprender mais sobre o setor imobili\u00e1rio? Aqui suas sugest\u00f5es de conte\u00fado e suas ideias s\u00e3o bem-vindas. Fale conosco!","og_url":"https:\/\/wikihaus.com.br\/wikihauslab\/fale-conosco\/","og_site_name":"Wikihauslab","article_modified_time":"2017-11-07T19:05:26+00:00","twitter_card":"summary_large_image","twitter_misc":{"Est. tempo de leitura":"1 minuto"},"schema":{"@context":"https:\/\/schema.org","@graph":[{"@type":"WebPage","@id":"https:\/\/wikihaus.com.br\/wikihauslab\/fale-conosco\/","url":"https:\/\/wikihaus.com.br\/wikihauslab\/fale-conosco\/","name":"FALE CONOSCO - Wikihauslab","isPartOf":{"@id":"https:\/\/wikihaus.com.br\/wikihauslab\/#website"},"datePublished":"2017-03-27T18:38:20+00:00","dateModified":"2017-11-07T19:05:26+00:00","description":"Quer aprender mais sobre o setor imobili\u00e1rio? Aqui suas sugest\u00f5es de conte\u00fado e suas ideias s\u00e3o bem-vindas. Fale conosco!","breadcrumb":{"@id":"https:\/\/wikihaus.com.br\/wikihauslab\/fale-conosco\/#breadcrumb"},"inLanguage":"pt-BR","potentialAction":[{"@type":"ReadAction","target":["https:\/\/wikihaus.com.br\/wikihauslab\/fale-conosco\/"]}]},{"@type":"BreadcrumbList","@id":"https:\/\/wikihaus.com.br\/wikihauslab\/fale-conosco\/#breadcrumb","itemListElement":[{"@type":"ListItem","position":1,"name":"WIKIHAUSLAB","item":"https:\/\/wikihaus.com.br\/wikihauslab\/"},{"@type":"ListItem","position":2,"name":"FALE CONOSCO"}]},{"@type":"WebSite","@id":"https:\/\/wikihaus.com.br\/wikihauslab\/#website","url":"https:\/\/wikihaus.com.br\/wikihauslab\/","name":"Wikihauslab","description":"Mercado Imobili\u00e1rio na sua m\u00e3o","potentialAction":[{"@type":"SearchAction","target":{"@type":"EntryPoint","urlTemplate":"https:\/\/wikihaus.com.br\/wikihauslab\/?s={search_term_string}"},"query-input":{"@type":"PropertyValueSpecification","valueRequired":true,"valueName":"search_term_string"}}],"inLanguage":"pt-BR"}]}},"_links":{"self":[{"href":"https:\/\/wikihaus.com.br\/wikihauslab\/wp-json\/wp\/v2\/pages\/245","targetHints":{"allow":["GET"]}}],"collection":[{"href":"https:\/\/wikihaus.com.br\/wikihauslab\/wp-json\/wp\/v2\/pages"}],"about":[{"href":"https:\/\/wikihaus.com.br\/wikihauslab\/wp-json\/wp\/v2\/types\/page"}],"author":[{"embeddable":true,"href":"https:\/\/wikihaus.com.br\/wikihauslab\/wp-json\/wp\/v2\/users\/2"}],"replies":[{"embeddable":true,"href":"https:\/\/wikihaus.com.br\/wikihauslab\/wp-json\/wp\/v2\/comments?post=245"}],"version-history":[{"count":14,"href":"https:\/\/wikihaus.com.br\/wikihauslab\/wp-json\/wp\/v2\/pages\/245\/revisions"}],"predecessor-version":[{"id":985,"href":"https:\/\/wikihaus.com.br\/wikihauslab\/wp-json\/wp\/v2\/pages\/245\/revisions\/985"}],"wp:attachment":[{"href":"https:\/\/wikihaus.com.br\/wikihauslab\/wp-json\/wp\/v2\/media?parent=245"}],"curies":[{"name":"wp","href":"https:\/\/api.w.org\/{rel}","templated":true}]}}