{"id":41,"date":"2017-01-25T13:25:25","date_gmt":"2017-01-25T15:25:25","guid":{"rendered":"http:\/\/wikihaus.com.br\/colabore\/?page_id=41"},"modified":"2017-02-22T17:14:02","modified_gmt":"2017-02-22T19:14:02","slug":"home","status":"publish","type":"page","link":"https:\/\/wikihaus.com.br\/colabore\/","title":{"rendered":"home"},"content":{"rendered":"<p>[et_pb_section admin_label=&#8221;Se\u00e7\u00e3o&#8221; transparent_background=&#8221;off&#8221; background_video_mp4=&#8221;http:\/\/wikihaus.com.br\/colabore\/wp-content\/uploads\/2017\/01\/Wikihausconceitocolaborativo-HD.mp4&#8243; allow_player_pause=&#8221;off&#8221; inner_shadow=&#8221;off&#8221; parallax=&#8221;off&#8221; parallax_method=&#8221;off&#8221; make_fullwidth=&#8221;off&#8221; use_custom_width=&#8221;off&#8221; width_unit=&#8221;on&#8221; custom_width_px=&#8221;1080px&#8221; custom_width_percent=&#8221;80%&#8221; make_equal=&#8221;off&#8221; use_custom_gutter=&#8221;off&#8221; fullwidth=&#8221;on&#8221; specialty=&#8221;off&#8221; disabled=&#8221;off&#8221;][et_pb_fullwidth_image admin_label=&#8221;Imagem de Largura Inteira&#8221; src=&#8221;http:\/\/wikihaus.com.br\/colabore\/wp-content\/uploads\/2017\/01\/logo-1.png&#8221; show_in_lightbox=&#8221;off&#8221; url_new_window=&#8221;off&#8221; use_overlay=&#8221;off&#8221; animation=&#8221;off&#8221; use_border_color=&#8221;off&#8221; border_color=&#8221;#ffffff&#8221; border_style=&#8221;solid&#8221; custom_margin=&#8221;50px|23%|800px|23%&#8221; disabled=&#8221;off&#8221; disabled_on=&#8221;on|on|&#8221;]<\/p>\n<p>[\/et_pb_fullwidth_image][et_pb_fullwidth_image admin_label=&#8221;Imagem de Largura Inteira&#8221; src=&#8221;http:\/\/wikihaus.com.br\/colabore\/wp-content\/uploads\/2017\/01\/logo-colablog.png&#8221; show_in_lightbox=&#8221;off&#8221; url_new_window=&#8221;off&#8221; use_overlay=&#8221;off&#8221; animation=&#8221;off&#8221; use_border_color=&#8221;off&#8221; border_color=&#8221;#ffffff&#8221; border_style=&#8221;solid&#8221; custom_margin=&#8221;50px|23%||23%&#8221; disabled=&#8221;off&#8221; disabled_on=&#8221;off|off|on&#8221;]<\/p>\n<p>[\/et_pb_fullwidth_image][et_pb_fullwidth_image admin_label=&#8221;Imagem de Largura Inteira&#8221; src=&#8221;http:\/\/wikihaus.com.br\/colabore\/wp-content\/uploads\/2017\/01\/6449713-0-titulo1.png&#8221; show_in_lightbox=&#8221;off&#8221; url_new_window=&#8221;off&#8221; use_overlay=&#8221;off&#8221; animation=&#8221;off&#8221; use_border_color=&#8221;off&#8221; border_color=&#8221;#ffffff&#8221; border_style=&#8221;solid&#8221; custom_margin=&#8221;50px|23%|200px|23%&#8221; disabled=&#8221;off&#8221; disabled_on=&#8221;off|off|on&#8221;]<\/p>\n<p>[\/et_pb_fullwidth_image][\/et_pb_section][et_pb_section admin_label=&#8221;Se\u00e7\u00e3o&#8221; background_image=&#8221;http:\/\/wikihaus.com.br\/colabore\/wp-content\/uploads\/2017\/01\/fundo1.jpg&#8221; transparent_background=&#8221;off&#8221; allow_player_pause=&#8221;off&#8221; inner_shadow=&#8221;off&#8221; parallax=&#8221;on&#8221; parallax_method=&#8221;on&#8221; make_fullwidth=&#8221;off&#8221; use_custom_width=&#8221;off&#8221; width_unit=&#8221;on&#8221; custom_width_px=&#8221;1080px&#8221; custom_width_percent=&#8221;80%&#8221; make_equal=&#8221;off&#8221; use_custom_gutter=&#8221;off&#8221; fullwidth=&#8221;off&#8221; specialty=&#8221;off&#8221; disabled=&#8221;off&#8221;][et_pb_row admin_label=&#8221;Linha&#8221; make_fullwidth=&#8221;off&#8221; use_custom_width=&#8221;off&#8221; width_unit=&#8221;off&#8221; custom_width_px=&#8221;1080px&#8221; custom_width_percent=&#8221;80%&#8221; use_custom_gutter=&#8221;off&#8221; gutter_width=&#8221;3&#8243; allow_player_pause=&#8221;off&#8221; parallax=&#8221;off&#8221; parallax_method=&#8221;on&#8221; make_equal=&#8221;off&#8221; parallax_1=&#8221;off&#8221; parallax_method_1=&#8221;on&#8221; parallax_2=&#8221;off&#8221; parallax_method_2=&#8221;on&#8221; parallax_3=&#8221;off&#8221; parallax_method_3=&#8221;on&#8221; parallax_4=&#8221;off&#8221; parallax_method_4=&#8221;on&#8221; disabled=&#8221;off&#8221;][et_pb_column type=&#8221;4_4&#8243;][et_pb_image admin_label=&#8221;Imagem&#8221; src=&#8221;http:\/\/wikihaus.com.br\/colabore\/wp-content\/uploads\/2017\/01\/ico1.png&#8221; show_in_lightbox=&#8221;off&#8221; url_new_window=&#8221;off&#8221; use_overlay=&#8221;off&#8221; animation=&#8221;off&#8221; sticky=&#8221;off&#8221; align=&#8221;center&#8221; max_width=&#8221;200px&#8221; max_width_last_edited=&#8221;off|desktop&#8221; force_fullwidth=&#8221;off&#8221; always_center_on_mobile=&#8221;on&#8221; use_border_color=&#8221;off&#8221; border_color=&#8221;#ffffff&#8221; border_width=&#8221;1px&#8221; border_style=&#8221;solid&#8221; disabled=&#8221;off&#8221;]<\/p>\n<p>[\/et_pb_image][et_pb_image admin_label=&#8221;Imagem&#8221; src=&#8221;http:\/\/wikihaus.com.br\/colabore\/wp-content\/uploads\/2017\/01\/title1.png&#8221; show_in_lightbox=&#8221;off&#8221; url_new_window=&#8221;off&#8221; use_overlay=&#8221;off&#8221; animation=&#8221;off&#8221; sticky=&#8221;off&#8221; align=&#8221;center&#8221; max_width=&#8221;400px&#8221; max_width_last_edited=&#8221;on|desktop&#8221; force_fullwidth=&#8221;off&#8221; always_center_on_mobile=&#8221;on&#8221; max_width_phone=&#8221;300px&#8221; use_border_color=&#8221;off&#8221; border_color=&#8221;#ffffff&#8221; border_width=&#8221;1px&#8221; border_style=&#8221;solid&#8221; disabled=&#8221;off&#8221;]<\/p>\n<p>[\/et_pb_image][et_pb_text admin_label=&#8221;Texto&#8221; background_layout=&#8221;light&#8221; text_orientation=&#8221;center&#8221; max_width=&#8221;700px&#8221; text_font=&#8221;Lato||||&#8221; text_font_size=&#8221;24&#8243; text_text_color=&#8221;#000000&#8243; text_line_height=&#8221;1.9em&#8221; use_border_color=&#8221;off&#8221; border_style=&#8221;solid&#8221; disabled=&#8221;off&#8221; border_color=&#8221;#ffffff&#8221;]<\/p>\n<p style=\"text-align: center;\">Acreditamos em um <strong>espa\u00e7o de troca<\/strong>, conte\u00fados e ideias, que vai muito al\u00e9m de um blog com o conhecimento que pode ser gerado dentro da\u00a0<strong>Wikihaus<\/strong>.<br \/>\nO\u00a0B<strong>log Colaborativo da Wikihaus<\/strong>\u00a0\u00e9 um espa\u00e7o de troca, de experi\u00eancia e hist\u00f3rias compartilhadas. Seja por\u00a0texto, \u00e1udio, imagem ou v\u00eddeo,\u00a0juntos n\u00f3s podemos fazer com que esses conte\u00fados cheguem\u00a0mais longe\u00a0e impactem as pessoas.<br \/>\n<span style=\"text-decoration: underline;\">Vem fazer parte desse movimento tamb\u00e9m.<\/span><\/p>\n<p>[\/et_pb_text][\/et_pb_column][\/et_pb_row][\/et_pb_section][et_pb_section admin_label=&#8221;section&#8221; background_image=&#8221;http:\/\/wikihaus.com.br\/colabore\/wp-content\/uploads\/2017\/01\/fundo2.jpg&#8221; transparent_background=&#8221;on&#8221; allow_player_pause=&#8221;off&#8221; inner_shadow=&#8221;off&#8221; parallax=&#8221;off&#8221; parallax_method=&#8221;on&#8221; make_fullwidth=&#8221;off&#8221; use_custom_width=&#8221;off&#8221; width_unit=&#8221;off&#8221; make_equal=&#8221;off&#8221; use_custom_gutter=&#8221;off&#8221; fullwidth=&#8221;off&#8221; specialty=&#8221;off&#8221; background_color=&#8221;#f4f4f4&#8243;][et_pb_row admin_label=&#8221;Linha&#8221;][et_pb_column type=&#8221;1_2&#8243;][et_pb_image admin_label=&#8221;Imagem&#8221; src=&#8221;http:\/\/wikihaus.com.br\/colabore\/wp-content\/uploads\/2017\/01\/entre-mundo-colab-1.png&#8221; show_in_lightbox=&#8221;off&#8221; url_new_window=&#8221;off&#8221; use_overlay=&#8221;off&#8221; animation=&#8221;fade_in&#8221; sticky=&#8221;off&#8221; align=&#8221;right&#8221; max_width=&#8221;800px&#8221; force_fullwidth=&#8221;off&#8221; always_center_on_mobile=&#8221;on&#8221; use_border_color=&#8221;off&#8221; border_color=&#8221;#ffffff&#8221; border_style=&#8221;solid&#8221;]<\/p>\n<p>[\/et_pb_image][\/et_pb_column][et_pb_column type=&#8221;1_2&#8243;][et_pb_text admin_label=&#8221;Texto&#8221; background_layout=&#8221;light&#8221; text_orientation=&#8221;center&#8221; max_width=&#8221;900px&#8221; header_line_height=&#8221;1px&#8221; text_font_size=&#8221;18px&#8221; use_border_color=&#8221;off&#8221; border_color=&#8221;#ffffff&#8221; border_style=&#8221;solid&#8221;]<\/p>\n<p style=\"text-align: left;\"><span style=\"color: #ffffff;\">O primeiro passo para um novo mundo: preencha e colabore!<\/span><\/p>\n<p>[\/et_pb_text][et_pb_code admin_label=&#8221;C\u00f3digo&#8221; max_width=&#8221;500px&#8221; module_class=&#8221;#conversion-wiki-colab-in-aadcab8d1ba3d63e45c7 {background-color: none; }&#8221;]&lt;div id=&quot;wiki-colab-in-aadcab8d1ba3d63e45c7&quot;&gt;&lt;\/div&gt;&lt;!&#8211; [et_pb_line_break_holder] &#8211;&gt;&lt;script style=&quot;background-color: #fff;&quot; type=&quot;text\/javascript&quot; src=&quot;https:\/\/d335luupugsy2.cloudfront.net\/js\/rdstation-forms\/stable\/rdstation-forms.min.js&quot;&gt;&lt;\/script&gt;&lt;!&#8211; [et_pb_line_break_holder] &#8211;&gt;&lt;script type=&quot;text\/javascript&quot;&gt;&lt;!&#8211; [et_pb_line_break_holder] &#8211;&gt; new RDStationForms(&#x27;wiki-colab-in-aadcab8d1ba3d63e45c7-html&#x27;, &#x27;UA-63471114-1&#x27;).createForm();&lt;!&#8211; [et_pb_line_break_holder] &#8211;&gt;&lt;\/script&gt;[\/et_pb_code][\/et_pb_column][\/et_pb_row][\/et_pb_section]<\/p>\n","protected":false},"excerpt":{"rendered":"<p>[et_pb_section admin_label=&#8221;Se\u00e7\u00e3o&#8221; transparent_background=&#8221;off&#8221; background_video_mp4=&#8221;http:\/\/wikihaus.com.br\/colabore\/wp-content\/uploads\/2017\/01\/Wikihausconceitocolaborativo-HD.mp4&#8243; allow_player_pause=&#8221;off&#8221; inner_shadow=&#8221;off&#8221; parallax=&#8221;off&#8221; parallax_method=&#8221;off&#8221; make_fullwidth=&#8221;off&#8221; use_custom_width=&#8221;off&#8221; width_unit=&#8221;on&#8221; custom_width_px=&#8221;1080px&#8221; custom_width_percent=&#8221;80%&#8221; make_equal=&#8221;off&#8221; use_custom_gutter=&#8221;off&#8221; fullwidth=&#8221;on&#8221; specialty=&#8221;off&#8221; disabled=&#8221;off&#8221;][et_pb_fullwidth_image admin_label=&#8221;Imagem de Largura Inteira&#8221; src=&#8221;http:\/\/wikihaus.com.br\/colabore\/wp-content\/uploads\/2017\/01\/logo-1.png&#8221; show_in_lightbox=&#8221;off&#8221; url_new_window=&#8221;off&#8221; use_overlay=&#8221;off&#8221; animation=&#8221;off&#8221; use_border_color=&#8221;off&#8221; border_color=&#8221;#ffffff&#8221; border_style=&#8221;solid&#8221; custom_margin=&#8221;50px|23%|800px|23%&#8221; disabled=&#8221;off&#8221; disabled_on=&#8221;on|on|&#8221;] [\/et_pb_fullwidth_image][et_pb_fullwidth_image admin_label=&#8221;Imagem de Largura Inteira&#8221; src=&#8221;http:\/\/wikihaus.com.br\/colabore\/wp-content\/uploads\/2017\/01\/logo-colablog.png&#8221; show_in_lightbox=&#8221;off&#8221; url_new_window=&#8221;off&#8221; use_overlay=&#8221;off&#8221; animation=&#8221;off&#8221; use_border_color=&#8221;off&#8221; border_color=&#8221;#ffffff&#8221; border_style=&#8221;solid&#8221; custom_margin=&#8221;50px|23%||23%&#8221; disabled=&#8221;off&#8221; disabled_on=&#8221;off|off|on&#8221;] [\/et_pb_fullwidth_image][et_pb_fullwidth_image admin_label=&#8221;Imagem de Largura Inteira&#8221; src=&#8221;http:\/\/wikihaus.com.br\/colabore\/wp-content\/uploads\/2017\/01\/6449713-0-titulo1.png&#8221; [&hellip;]<\/p>\n","protected":false},"author":2,"featured_media":0,"parent":0,"menu_order":0,"comment_status":"closed","ping_status":"closed","template":"","meta":{"footnotes":""},"class_list":["post-41","page","type-page","status-publish","hentry"],"_links":{"self":[{"href":"https:\/\/wikihaus.com.br\/colabore\/wp-json\/wp\/v2\/pages\/41","targetHints":{"allow":["GET"]}}],"collection":[{"href":"https:\/\/wikihaus.com.br\/colabore\/wp-json\/wp\/v2\/pages"}],"about":[{"href":"https:\/\/wikihaus.com.br\/colabore\/wp-json\/wp\/v2\/types\/page"}],"author":[{"embeddable":true,"href":"https:\/\/wikihaus.com.br\/colabore\/wp-json\/wp\/v2\/users\/2"}],"replies":[{"embeddable":true,"href":"https:\/\/wikihaus.com.br\/colabore\/wp-json\/wp\/v2\/comments?post=41"}],"version-history":[{"count":78,"href":"https:\/\/wikihaus.com.br\/colabore\/wp-json\/wp\/v2\/pages\/41\/revisions"}],"predecessor-version":[{"id":308,"href":"https:\/\/wikihaus.com.br\/colabore\/wp-json\/wp\/v2\/pages\/41\/revisions\/308"}],"wp:attachment":[{"href":"https:\/\/wikihaus.com.br\/colabore\/wp-json\/wp\/v2\/media?parent=41"}],"curies":[{"name":"wp","href":"https:\/\/api.w.org\/{rel}","templated":true}]}}