{"id":208,"date":"2017-01-25T16:00:56","date_gmt":"2017-01-25T18:00:56","guid":{"rendered":"http:\/\/wikihaus.com.br\/colabore\/?page_id=208"},"modified":"2017-04-12T18:58:10","modified_gmt":"2017-04-12T20:58:10","slug":"envie-sua-imagem","status":"publish","type":"page","link":"https:\/\/wikihaus.com.br\/colabore\/envie-sua-imagem\/","title":{"rendered":"Envie sua imagem"},"content":{"rendered":"<p>[et_pb_section admin_label=&#8221;section&#8221; background_image=&#8221;http:\/\/wikihaus.com.br\/colabore\/wp-content\/uploads\/2017\/01\/imagem-nviar.jpg&#8221; transparent_background=&#8221;off&#8221; allow_player_pause=&#8221;off&#8221; inner_shadow=&#8221;off&#8221; parallax=&#8221;on&#8221; parallax_method=&#8221;off&#8221; make_fullwidth=&#8221;off&#8221; use_custom_width=&#8221;off&#8221; width_unit=&#8221;on&#8221; make_equal=&#8221;off&#8221; use_custom_gutter=&#8221;off&#8221;][et_pb_row admin_label=&#8221;row&#8221;][et_pb_column type=&#8221;1_2&#8243;][et_pb_text admin_label=&#8221;Texto&#8221; background_layout=&#8221;dark&#8221; text_orientation=&#8221;left&#8221; text_font_size=&#8221;20&#8243; use_border_color=&#8221;off&#8221; border_color=&#8221;#ffffff&#8221; border_style=&#8221;solid&#8221; text_line_height=&#8221;1.8em&#8221;]<\/p>\n<p><img loading=\"lazy\" decoding=\"async\" class=\"alignnone wp-image-209\" src=\"http:\/\/wikihaus.com.br\/colabore\/wp-content\/uploads\/2017\/01\/imagem-1-1.png\" width=\"160\" height=\"171\" \/> <img loading=\"lazy\" decoding=\"async\" class=\"alignnone wp-image-210\" src=\"http:\/\/wikihaus.com.br\/colabore\/wp-content\/uploads\/2017\/01\/title-imagem.png\" width=\"335\" height=\"143\" srcset=\"https:\/\/wikihaus.com.br\/colabore\/wp-content\/uploads\/2017\/01\/title-imagem.png 326w, https:\/\/wikihaus.com.br\/colabore\/wp-content\/uploads\/2017\/01\/title-imagem-300x128.png 300w\" sizes=\"auto, (max-width: 335px) 100vw, 335px\" \/><\/p>\n<p><b>Ol\u00e1! Amamos receber imagens bacanas \ud83d\ude42<br \/>\n<\/b>Para que as suas fotos sejam aprovadas pela nossa curadoria, siga essas dicas:<\/p>\n<ul>\n<li>Selecione uma ou mais imagens de at\u00e9\u00a0<b>500KB cada<\/b>;<\/li>\n<li>Acesse o\u00a0<b>WeTransfer<\/b> e mande elas para o email <span style=\"text-decoration: underline;\">laura@wikihaus.com.br<\/span>\u00a0e compartilhe o link no formul\u00e1rio ao lado.<\/li>\n<li>N\u00e3o restringimos os nossos temas, mas nossos pilares s\u00e3o a colabora\u00e7\u00e3o e a inova\u00e7\u00e3o. <u>Arquitetura, decora\u00e7\u00e3o, cidades, design, mobilidade, mercado imobili\u00e1rio, urbanismo e sustentabilidade<\/u> s\u00e3o alguns dos assuntos que est\u00e3o no nosso radar de interesses.<\/li>\n<\/ul>\n<p><strong>Aqui neste formul\u00e1rio voc\u00ea poder\u00e1 enviar sua imagem agora mesmo!<\/strong><\/p>\n<p>[\/et_pb_text][\/et_pb_column][et_pb_column type=&#8221;1_2&#8243;][et_pb_code admin_label=&#8221;C\u00f3digo&#8221;]&lt;div id=&#8221;form-wikivox-imagens-a0cac10ab2d0a136992a&#8221;&gt;&lt;\/div&gt;&lt;!&#8211; [et_pb_line_break_holder] &#8211;&gt;&lt;script type=&#8221;text\/javascript&#8221; src=&#8221;https:\/\/d335luupugsy2.cloudfront.net\/js\/rd\/stable\/rdforms.min.js&#8221;&gt;&lt;\/script&gt;&lt;!&#8211; [et_pb_line_break_holder] &#8211;&gt;&lt;script type=&#8221;text\/javascript&#8221;&gt;&lt;!&#8211; [et_pb_line_break_holder] &#8211;&gt; RdForms.createForm(&#8216;https:\/\/forms.rdstation.com.br\/wikivox-imagens-a0cac10ab2d0a136992a&#8217;, &#8216;form-wikivox-imagens-a0cac10ab2d0a136992a&#8217;, &#8216;100%&#8217;, &#8216;600px&#8217;);&lt;!&#8211; [et_pb_line_break_holder] &#8211;&gt;&lt;\/script&gt;[\/et_pb_code][\/et_pb_column][\/et_pb_row][\/et_pb_section][et_pb_section admin_label=&#8221;Se\u00e7\u00e3o&#8221; fullwidth=&#8221;off&#8221; specialty=&#8221;off&#8221; background_image=&#8221;http:\/\/wikihaus.com.br\/colabore\/wp-content\/uploads\/2017\/01\/fundo4.jpg&#8221; transparent_background=&#8221;off&#8221; allow_player_pause=&#8221;off&#8221; inner_shadow=&#8221;off&#8221; parallax=&#8221;on&#8221; parallax_method=&#8221;off&#8221; make_fullwidth=&#8221;off&#8221; use_custom_width=&#8221;off&#8221; width_unit=&#8221;on&#8221; make_equal=&#8221;off&#8221; use_custom_gutter=&#8221;off&#8221;][et_pb_row admin_label=&#8221;Linha&#8221;][et_pb_column type=&#8221;4_4&#8243;][et_pb_image admin_label=&#8221;Imagem&#8221; src=&#8221;http:\/\/wikihaus.com.br\/colabore\/wp-content\/uploads\/2017\/01\/title5.png&#8221; show_in_lightbox=&#8221;off&#8221; url_new_window=&#8221;off&#8221; use_overlay=&#8221;off&#8221; animation=&#8221;off&#8221; sticky=&#8221;off&#8221; align=&#8221;center&#8221; force_fullwidth=&#8221;off&#8221; always_center_on_mobile=&#8221;on&#8221; use_border_color=&#8221;off&#8221; border_color=&#8221;#ffffff&#8221; border_style=&#8221;solid&#8221;] [\/et_pb_image][et_pb_text admin_label=&#8221;Texto&#8221; background_layout=&#8221;dark&#8221; text_orientation=&#8221;center&#8221; max_width=&#8221;600px&#8221; text_font_size=&#8221;22&#8243; use_border_color=&#8221;off&#8221; border_color=&#8221;#ffffff&#8221; border_style=&#8221;solid&#8221; text_line_height=&#8221;1.5em&#8221;]<\/p>\n<p style=\"text-align: center;\">Um laborat\u00f3rio de conte\u00fado compartilhado e colaborativo: <u>textos, v\u00eddeos, imagens, \u00e1udios, refer\u00eancia<\/u>s e uma curadoria completa para levar experi\u00eancias positivas para mais pessoas e melhorar seus ambientes de conv\u00edvio com informa\u00e7\u00e3o.<\/p>\n<p style=\"text-align: center;\"><b><span style=\"color: #f0c743;\">Vamos construir <u>juntos<\/u>?<\/span><\/b><\/p>\n<p style=\"text-align: center;\"><a href=\"http:\/\/wikihaus.com.br\/blog\/\"><img loading=\"lazy\" decoding=\"async\" class=\"alignnone wp-image-145\" src=\"http:\/\/wikihaus.com.br\/colabore\/wp-content\/uploads\/2017\/01\/6-acessar-1.png\" width=\"180\" height=\"243\" \/><\/a><\/p>\n<p>[\/et_pb_text][\/et_pb_column][\/et_pb_row][\/et_pb_section]<\/p>\n","protected":false},"excerpt":{"rendered":"<p>[et_pb_section admin_label=&#8221;section&#8221; background_image=&#8221;http:\/\/wikihaus.com.br\/colabore\/wp-content\/uploads\/2017\/01\/imagem-nviar.jpg&#8221; transparent_background=&#8221;off&#8221; allow_player_pause=&#8221;off&#8221; inner_shadow=&#8221;off&#8221; parallax=&#8221;on&#8221; parallax_method=&#8221;off&#8221; make_fullwidth=&#8221;off&#8221; use_custom_width=&#8221;off&#8221; width_unit=&#8221;on&#8221; make_equal=&#8221;off&#8221; use_custom_gutter=&#8221;off&#8221;][et_pb_row admin_label=&#8221;row&#8221;][et_pb_column type=&#8221;1_2&#8243;][et_pb_text admin_label=&#8221;Texto&#8221; background_layout=&#8221;dark&#8221; text_orientation=&#8221;left&#8221; text_font_size=&#8221;20&#8243; use_border_color=&#8221;off&#8221; border_color=&#8221;#ffffff&#8221; border_style=&#8221;solid&#8221; text_line_height=&#8221;1.8em&#8221;] Ol\u00e1! Amamos receber imagens bacanas \ud83d\ude42 Para que as suas fotos sejam aprovadas pela nossa curadoria, siga essas dicas: Selecione uma ou mais imagens de at\u00e9\u00a0500KB cada; Acesse o\u00a0WeTransfer e mande elas [&hellip;]<\/p>\n","protected":false},"author":2,"featured_media":0,"parent":0,"menu_order":0,"comment_status":"closed","ping_status":"closed","template":"","meta":{"footnotes":""},"class_list":["post-208","page","type-page","status-publish","hentry"],"_links":{"self":[{"href":"https:\/\/wikihaus.com.br\/colabore\/wp-json\/wp\/v2\/pages\/208","targetHints":{"allow":["GET"]}}],"collection":[{"href":"https:\/\/wikihaus.com.br\/colabore\/wp-json\/wp\/v2\/pages"}],"about":[{"href":"https:\/\/wikihaus.com.br\/colabore\/wp-json\/wp\/v2\/types\/page"}],"author":[{"embeddable":true,"href":"https:\/\/wikihaus.com.br\/colabore\/wp-json\/wp\/v2\/users\/2"}],"replies":[{"embeddable":true,"href":"https:\/\/wikihaus.com.br\/colabore\/wp-json\/wp\/v2\/comments?post=208"}],"version-history":[{"count":9,"href":"https:\/\/wikihaus.com.br\/colabore\/wp-json\/wp\/v2\/pages\/208\/revisions"}],"predecessor-version":[{"id":316,"href":"https:\/\/wikihaus.com.br\/colabore\/wp-json\/wp\/v2\/pages\/208\/revisions\/316"}],"wp:attachment":[{"href":"https:\/\/wikihaus.com.br\/colabore\/wp-json\/wp\/v2\/media?parent=208"}],"curies":[{"name":"wp","href":"https:\/\/api.w.org\/{rel}","templated":true}]}}