{"id":117,"date":"2017-01-25T14:45:32","date_gmt":"2017-01-25T16:45:32","guid":{"rendered":"http:\/\/wikihaus.com.br\/colabore\/?page_id=117"},"modified":"2017-04-24T17:14:09","modified_gmt":"2017-04-24T19:14:09","slug":"introducao","status":"publish","type":"page","link":"https:\/\/wikihaus.com.br\/colabore\/introducao\/","title":{"rendered":"Introdu\u00e7\u00e3o"},"content":{"rendered":"<p>[et_pb_section admin_label=&#8221;section&#8221; transparent_background=&#8221;off&#8221; background_color=&#8221;#1c1c1c&#8221; allow_player_pause=&#8221;off&#8221; inner_shadow=&#8221;off&#8221; parallax=&#8221;off&#8221; parallax_method=&#8221;off&#8221; make_fullwidth=&#8221;off&#8221; use_custom_width=&#8221;off&#8221; width_unit=&#8221;on&#8221; make_equal=&#8221;off&#8221; use_custom_gutter=&#8221;off&#8221; background_image=&#8221;http:\/\/wikihaus.com.br\/colabore\/wp-content\/uploads\/2017\/01\/fundo3.jpg&#8221;][et_pb_row admin_label=&#8221;row&#8221;][et_pb_column type=&#8221;1_2&#8243;][et_pb_image admin_label=&#8221;Imagem&#8221; src=&#8221;http:\/\/wikihaus.com.br\/colabore\/wp-content\/uploads\/2017\/01\/logo-colablog.png&#8221; show_in_lightbox=&#8221;off&#8221; url_new_window=&#8221;off&#8221; use_overlay=&#8221;off&#8221; animation=&#8221;off&#8221; sticky=&#8221;off&#8221; align=&#8221;left&#8221; max_width=&#8221;300px&#8221; force_fullwidth=&#8221;off&#8221; always_center_on_mobile=&#8221;on&#8221; use_border_color=&#8221;off&#8221; border_color=&#8221;#ffffff&#8221; border_style=&#8221;solid&#8221;]<\/p>\n<p>[\/et_pb_image][et_pb_image admin_label=&#8221;Imagem&#8221; src=&#8221;http:\/\/wikihaus.com.br\/colabore\/wp-content\/uploads\/2017\/01\/title2-2.png&#8221; show_in_lightbox=&#8221;off&#8221; url_new_window=&#8221;off&#8221; use_overlay=&#8221;off&#8221; animation=&#8221;off&#8221; sticky=&#8221;off&#8221; align=&#8221;left&#8221; force_fullwidth=&#8221;off&#8221; always_center_on_mobile=&#8221;on&#8221; use_border_color=&#8221;off&#8221; border_color=&#8221;#ffffff&#8221; border_style=&#8221;solid&#8221;]<\/p>\n<p>[\/et_pb_image][et_pb_text admin_label=&#8221;Texto&#8221; background_layout=&#8221;light&#8221; text_orientation=&#8221;left&#8221; text_font_size=&#8221;18&#8243; text_font_size_last_edited=&#8221;off|&#8221; text_text_color=&#8221;#ffffff&#8221; use_border_color=&#8221;off&#8221; border_color=&#8221;#ffffff&#8221; border_style=&#8221;solid&#8221;]<\/p>\n<p>O <b>Blog Colaborativo da Wikihaus&nbsp;<\/b>\u00e9 um espa\u00e7o de troca, de experi\u00eancia e hist\u00f3rias compartilhadas. Seja por texto, \u00e1udio, imagem ou v\u00eddeo, juntos n\u00f3s podemos fazer com que esses conte\u00fados cheguem <b><span style=\"color: #f0c743;\">mais longe<\/span><\/b> e impactem as pessoas que mais precisam dele, no momento em que elas precisam dele.<\/p>\n<p><b><span style=\"color: #f0c743;\">Vamos construir juntos?<\/span><\/b><\/p>\n<p>[\/et_pb_text][\/et_pb_column][et_pb_column type=&#8221;1_2&#8243;][et_pb_text admin_label=&#8221;Texto&#8221; background_layout=&#8221;light&#8221; text_orientation=&#8221;left&#8221; use_border_color=&#8221;off&#8221; border_color=&#8221;#ffffff&#8221; border_style=&#8221;solid&#8221;]<\/p>\n<div id=\"form-blog-colaborativo-52be37df86b27e3c809f\"><\/div>\n<p><script type=\"text\/javascript\" src=\"https:\/\/d335luupugsy2.cloudfront.net\/js\/rdstation-forms\/stable\/rdstation-forms.min.js\"><\/script><br \/>\n<script type=\"text\/javascript\">\n  new RDStationForms('form-blog-colaborativo-52be37df86b27e3c809f-html', 'UA-63471114-1').createForm();\n<\/script><\/p>\n<p>[\/et_pb_text][\/et_pb_column][\/et_pb_row][\/et_pb_section][et_pb_section admin_label=&#8221;Se\u00e7\u00e3o&#8221; fullwidth=&#8221;off&#8221; specialty=&#8221;off&#8221; background_image=&#8221;http:\/\/wikihaus.com.br\/colabore\/wp-content\/uploads\/2017\/01\/fundo1.jpg&#8221; transparent_background=&#8221;off&#8221; allow_player_pause=&#8221;off&#8221; inner_shadow=&#8221;off&#8221; parallax=&#8221;on&#8221; parallax_method=&#8221;off&#8221; make_fullwidth=&#8221;off&#8221; use_custom_width=&#8221;off&#8221; width_unit=&#8221;on&#8221; make_equal=&#8221;off&#8221; use_custom_gutter=&#8221;off&#8221;][et_pb_row admin_label=&#8221;Linha&#8221;][et_pb_column type=&#8221;1_2&#8243;][et_pb_image admin_label=&#8221;Imagem&#8221; src=&#8221;http:\/\/wikihaus.com.br\/colabore\/wp-content\/uploads\/2017\/01\/ico1.png&#8221; show_in_lightbox=&#8221;off&#8221; url_new_window=&#8221;off&#8221; use_overlay=&#8221;off&#8221; animation=&#8221;off&#8221; sticky=&#8221;off&#8221; align=&#8221;right&#8221; max_width=&#8221;400px&#8221; force_fullwidth=&#8221;off&#8221; always_center_on_mobile=&#8221;on&#8221; use_border_color=&#8221;off&#8221; border_color=&#8221;#ffffff&#8221; border_style=&#8221;solid&#8221;]<\/p>\n<p>[\/et_pb_image][\/et_pb_column][et_pb_column type=&#8221;1_2&#8243;][et_pb_image admin_label=&#8221;Imagem&#8221; src=&#8221;http:\/\/wikihaus.com.br\/colabore\/wp-content\/uploads\/2017\/01\/title3.png&#8221; show_in_lightbox=&#8221;off&#8221; url_new_window=&#8221;off&#8221; use_overlay=&#8221;off&#8221; animation=&#8221;off&#8221; sticky=&#8221;off&#8221; align=&#8221;right&#8221; force_fullwidth=&#8221;off&#8221; always_center_on_mobile=&#8221;on&#8221; use_border_color=&#8221;off&#8221; border_color=&#8221;#ffffff&#8221; border_style=&#8221;solid&#8221;]<\/p>\n<p>[\/et_pb_image][et_pb_text admin_label=&#8221;Texto&#8221; background_layout=&#8221;light&#8221; text_orientation=&#8221;left&#8221; use_border_color=&#8221;off&#8221; border_color=&#8221;#ffffff&#8221; border_style=&#8221;solid&#8221; text_font_size=&#8221;20&#8243;]<\/p>\n<p style=\"text-align: right;\">A Wikihaus acredita que a vida pode ser mais colaborativa e participativa em cada momento do dia. Acreditamos em cidades mais humanas, em espa\u00e7os mais inteligentes e em experi\u00eancias mais plurais e compartilhadas.<\/p>\n<p style=\"text-align: right;\">Quando pensamos em um espa\u00e7o para conte\u00fado em nosso site, chegamos \u00e0 mesma conclus\u00e3o de antes: o conte\u00fado a ser gerado n\u00e3o deve partir de uma sala de reuni\u00e3o da Wikihaus, limitado ao conhecimento dos s\u00f3cios, mas sim de uma espiral crescente de pessoas, que tem tanto a colaborar.<\/p>\n<p>[\/et_pb_text][\/et_pb_column][\/et_pb_row][\/et_pb_section]<\/p>\n","protected":false},"excerpt":{"rendered":"<p>[et_pb_section admin_label=&#8221;section&#8221; transparent_background=&#8221;off&#8221; background_color=&#8221;#1c1c1c&#8221; allow_player_pause=&#8221;off&#8221; inner_shadow=&#8221;off&#8221; parallax=&#8221;off&#8221; parallax_method=&#8221;off&#8221; make_fullwidth=&#8221;off&#8221; use_custom_width=&#8221;off&#8221; width_unit=&#8221;on&#8221; make_equal=&#8221;off&#8221; use_custom_gutter=&#8221;off&#8221; background_image=&#8221;http:\/\/wikihaus.com.br\/colabore\/wp-content\/uploads\/2017\/01\/fundo3.jpg&#8221;][et_pb_row admin_label=&#8221;row&#8221;][et_pb_column type=&#8221;1_2&#8243;][et_pb_image admin_label=&#8221;Imagem&#8221; src=&#8221;http:\/\/wikihaus.com.br\/colabore\/wp-content\/uploads\/2017\/01\/logo-colablog.png&#8221; show_in_lightbox=&#8221;off&#8221; url_new_window=&#8221;off&#8221; use_overlay=&#8221;off&#8221; animation=&#8221;off&#8221; sticky=&#8221;off&#8221; align=&#8221;left&#8221; max_width=&#8221;300px&#8221; force_fullwidth=&#8221;off&#8221; always_center_on_mobile=&#8221;on&#8221; use_border_color=&#8221;off&#8221; border_color=&#8221;#ffffff&#8221; border_style=&#8221;solid&#8221;] [\/et_pb_image][et_pb_image admin_label=&#8221;Imagem&#8221; src=&#8221;http:\/\/wikihaus.com.br\/colabore\/wp-content\/uploads\/2017\/01\/title2-2.png&#8221; show_in_lightbox=&#8221;off&#8221; url_new_window=&#8221;off&#8221; use_overlay=&#8221;off&#8221; animation=&#8221;off&#8221; sticky=&#8221;off&#8221; align=&#8221;left&#8221; force_fullwidth=&#8221;off&#8221; always_center_on_mobile=&#8221;on&#8221; use_border_color=&#8221;off&#8221; border_color=&#8221;#ffffff&#8221; border_style=&#8221;solid&#8221;] [\/et_pb_image][et_pb_text admin_label=&#8221;Texto&#8221; background_layout=&#8221;light&#8221; text_orientation=&#8221;left&#8221; text_font_size=&#8221;18&#8243; text_font_size_last_edited=&#8221;off|&#8221; text_text_color=&#8221;#ffffff&#8221; use_border_color=&#8221;off&#8221; border_color=&#8221;#ffffff&#8221; border_style=&#8221;solid&#8221;] O [&hellip;]<\/p>\n","protected":false},"author":2,"featured_media":0,"parent":0,"menu_order":0,"comment_status":"closed","ping_status":"closed","template":"","meta":{"footnotes":""},"class_list":["post-117","page","type-page","status-publish","hentry"],"_links":{"self":[{"href":"https:\/\/wikihaus.com.br\/colabore\/wp-json\/wp\/v2\/pages\/117","targetHints":{"allow":["GET"]}}],"collection":[{"href":"https:\/\/wikihaus.com.br\/colabore\/wp-json\/wp\/v2\/pages"}],"about":[{"href":"https:\/\/wikihaus.com.br\/colabore\/wp-json\/wp\/v2\/types\/page"}],"author":[{"embeddable":true,"href":"https:\/\/wikihaus.com.br\/colabore\/wp-json\/wp\/v2\/users\/2"}],"replies":[{"embeddable":true,"href":"https:\/\/wikihaus.com.br\/colabore\/wp-json\/wp\/v2\/comments?post=117"}],"version-history":[{"count":44,"href":"https:\/\/wikihaus.com.br\/colabore\/wp-json\/wp\/v2\/pages\/117\/revisions"}],"predecessor-version":[{"id":322,"href":"https:\/\/wikihaus.com.br\/colabore\/wp-json\/wp\/v2\/pages\/117\/revisions\/322"}],"wp:attachment":[{"href":"https:\/\/wikihaus.com.br\/colabore\/wp-json\/wp\/v2\/media?parent=117"}],"curies":[{"name":"wp","href":"https:\/\/api.w.org\/{rel}","templated":true}]}}